{"id":524,"date":"2023-04-04T17:54:06","date_gmt":"2023-04-04T15:54:06","guid":{"rendered":"https:\/\/pospooling.cz\/?page_id=524"},"modified":"2024-03-19T19:34:33","modified_gmt":"2024-03-19T18:34:33","slug":"datenschutzbestimmungen","status":"publish","type":"page","link":"https:\/\/pospooling.cz\/de\/datenschutzbestimmungen\/","title":{"rendered":"Datenschutzbestimmungen"},"content":{"rendered":"\t\t<div data-elementor-type=\"wp-page\" data-elementor-id=\"524\" class=\"elementor elementor-524 elementor-3\" data-elementor-post-type=\"page\">\n\t\t\t\t\t\t\t\t\t<section data-particle_enable=\"false\" data-particle-mobile-disabled=\"false\" class=\"elementor-section elementor-top-section elementor-element elementor-element-11280fb6 elementor-section-boxed elementor-section-height-default elementor-section-height-default\" data-id=\"11280fb6\" data-element_type=\"section\" data-settings=\"{&quot;jet_parallax_layout_list&quot;:[]}\">\n\t\t\t\t\t\t<div class=\"elementor-container elementor-column-gap-default\">\n\t\t\t\t\t<div class=\"elementor-column elementor-col-100 elementor-top-column elementor-element elementor-element-446154fd\" data-id=\"446154fd\" data-element_type=\"column\">\n\t\t\t<div class=\"elementor-widget-wrap elementor-element-populated\">\n\t\t\t\t\t\t\t\t<div class=\"elementor-element elementor-element-4661dc08 elementor-widget elementor-widget-text-editor\" data-id=\"4661dc08\" data-element_type=\"widget\" data-widget_type=\"text-editor.default\">\n\t\t\t\t<div class=\"elementor-widget-container\">\n\t\t\t<style>\/*! elementor - v3.14.0 - 26-06-2023 *\/\n.elementor-widget-text-editor.elementor-drop-cap-view-stacked .elementor-drop-cap{background-color:#69727d;color:#fff}.elementor-widget-text-editor.elementor-drop-cap-view-framed .elementor-drop-cap{color:#69727d;border:3px solid;background-color:transparent}.elementor-widget-text-editor:not(.elementor-drop-cap-view-default) .elementor-drop-cap{margin-top:8px}.elementor-widget-text-editor:not(.elementor-drop-cap-view-default) .elementor-drop-cap-letter{width:1em;height:1em}.elementor-widget-text-editor .elementor-drop-cap{float:left;text-align:center;line-height:1;font-size:50px}.elementor-widget-text-editor .elementor-drop-cap-letter{display:inline-block}<\/style>\t\t\t\t\n<h3 class=\"wp-block-heading\"><strong>1 <\/strong><span lang=\"DE\">Administrator personenbezogener Daten<\/span><\/h3>\n\n<p style=\"font-weight: 400;\">1.1 Der Administrator der personenbezogenen Daten POSpooling s.r.o., I\u010c 19419236, mit Sitz in Tusarova 1267\/9, Hole\u0161ovice, 170 00 Prag 7, Tschechische Republik, eingetragen im Handelsregister des Bezirksgerichts in Br\u00fcnn, C 386281, (im Folgenden genannt). erkl\u00e4rt als \u201eAdministrator\u201c), dass alle vom Administrator verarbeiteten personenbezogenen Daten streng vertraulich behandelt werden. Der Administrator behandelt sie in \u00dcbereinstimmung mit der nationalen Gesetzgebung und den im Bereich des Schutzes personenbezogener Daten geltenden Vorschriften der Europ\u00e4ischen Union.<\/p>\n<p style=\"font-weight: 400;\">1.2 Der Administrator erhebt, speichert und nutzt Ihre personenbezogenen Daten gem\u00e4\u00df dem Gesetz Nr. 110\/2019 Slg. \u00fcber die Verarbeitung personenbezogener Daten (im Folgenden \u201eGesetz zur Verarbeitung personenbezogener Daten\u201c genannt) oder Verordnung (EU) 2016\/679 des Europ\u00e4ischen Parlaments und des Rates vom 27. April 2016 zum Schutz nat\u00fcrlicher Personen bei der Verarbeitung personenbezogener Daten und zum freien Datenverkehr sowie zur Aufhebung der Richtlinie 95 \/46\/EG (im Folgenden \u201eDSGVO-Verordnung\u201c genannt). Die einzelnen Zwecke, f\u00fcr die der Administrator personenbezogene Daten verarbeitet, werden weiter definiert<\/p>\n<p style=\"font-weight: 400;\">1.3 Der Administrator erhebt diese personenbezogenen Daten auch \u00fcber seine Website unter https:\/\/pospooling.cz\/ (im Folgenden \u201eWebsite\u201c genannt).<\/p>\n<p style=\"font-weight: 400;\">1.4 Diese Richtlinien werden vom Administrator herausgegeben, damit Sie ausreichend dar\u00fcber informiert sind, welche personenbezogenen Daten der Administrator zu welchem \u200b\u200bZweck und wie lange verarbeitet, wer Zugriff auf Ihre personenbezogenen Daten hat und welche Rechte Sie haben. Diese Grunds\u00e4tze gelten f\u00fcr alle vom Administrator erfassten personenbezogenen Daten, unabh\u00e4ngig davon, ob sie zur Erf\u00fcllung eines Vertragsverh\u00e4ltnisses, einer gesetzlichen Verpflichtung, eines berechtigten Interesses oder einer Einwilligung erhoben wurden.<\/p>\n<p>souhlasu.<\/p>\n\n<h3 class=\"wp-block-heading\"><strong>2 <\/strong><span class=\"y2iqfc\">Verarbeitete Daten<\/span><\/h3>\n\n<p style=\"font-weight: 400;\">2.1 Der Administrator ist berechtigt, die folgenden personenbezogenen Daten entsprechend dem Zweck, den Kategorien der personenbezogenen Daten, den Kategorien der betroffenen Person, den Kategorien der Empf\u00e4nger und der Aufbewahrungsfrist wie folgt zu verarbeiten.<\/p>\n<p style=\"font-weight: 400;\"><strong>Zweck der Verarbeitung:<\/strong> Betrieb der Website, Gesch\u00e4fts- und Marketingzwecke<\/p>\n<p style=\"font-weight: 400;\"><strong>Kategorie personenbezogener Daten:<\/strong> Adresse<\/p>\n<p style=\"font-weight: 400;\"><strong>Kategorie der betroffenen Person:<\/strong> Benutzer<\/p>\n<p style=\"font-weight: 400;\"><strong>Empf\u00e4ngerkategorie:<\/strong> Administrator<\/p>\n<p style=\"font-weight: 400;\"><strong>Aufbewahrungsfrist:<\/strong> 10 Jahre<\/p>\n<p style=\"font-weight: 400;\">\u00a0<\/p>\n<p style=\"font-weight: 400;\">2.2 Unter den einzelnen Verarbeitungszwecken versteht man Folgendes:<\/p>\n<p style=\"font-weight: 400;\">2.2.1 Unter Erf\u00fcllung des Vertragsverh\u00e4ltnisses versteht man: das Verh\u00e4ltnis zwischen Ihnen und dem Administrator, das aufgrund einer Bestellung, Registrierung, aufgrund eines abgeschlossenen Vertrages, aufgrund einer Bewerbung und der Teilnahme an einem Gewinnspiel und dergleichen entsteht ;<\/p>\n<p style=\"font-weight: 400;\">2.2.2 Das Versenden kommerzieller Nachrichten und das Anbieten von Produkten und Dienstleistungen bedeutet: Versenden kommerzieller Angebote per E-Mail (E-Mail), per Kurzmitteilung oder per Telefonanruf;<\/p>\n<p style=\"font-weight: 400;\">2.2.3 Buchhaltungs- und Steuerzwecke sind: Buchhaltungsunterlagen im Sinne der Buchhaltungs- und Steuergesetzgebung;<\/p>\n<p style=\"font-weight: 400;\">2.2.4 Personal, Gehaltsagenda bedeutet: Abschluss von Arbeitsvertr\u00e4gen, Bearbeitung von Geh\u00e4ltern, Sozial- und Krankenversicherungsbeitr\u00e4gen gem\u00e4\u00df Gesetz Nr. 262\/2006 Slg., Arbeitsgesetzbuch Nr. 582\/1991 Slg. zur Organisation und Umsetzung der sozialen Sicherheit, Nr. 48\/1997 Slg., \u00fcber die \u00f6ffentliche Krankenversicherung und \u00fcber die \u00c4nderung und Erg\u00e4nzung einiger damit zusammenh\u00e4ngender Gesetze;<\/p>\n<p style=\"font-weight: 400;\">2.2.5 Unter statistischen Zwecken versteht man: anonymisierte Erfassung des Website-Verkehrs, \u00dcberwachung der Anzahl der Seitenaufrufe, der auf der Website verbrachten Zeit, der Art des Ger\u00e4ts, von dem aus Sie auf die Website zugreifen. Wir sammeln Daten, um die Qualit\u00e4t der erbrachten Dienstleistungen zu verbessern und unseren Kunden relevante Inhalte anzubieten;<\/p>\n<p style=\"font-weight: 400;\">2.2.6 Anzeigen von Werbung bedeutet: Anzeigen von Werbung auf Websites basierend auf statistisch ermittelten Kundenpr\u00e4ferenzen;<\/p>\n<p style=\"font-weight: 400;\">2.2.7 Berechtigtes Interesse bedeutet: wirksame Verteidigung im Streitfall; In diesem Fall betr\u00e4gt die Frist f\u00fcr die Verarbeitung personenbezogener Daten 4 Jahre ab Ablauf der Gew\u00e4hrleistungsfrist f\u00fcr die Waren und verl\u00e4ngert sich um den Zeitraum, in dem der Rechtsstreit anh\u00e4ngig ist. Wir wollen die Qualit\u00e4t unserer Dienstleistungen st\u00e4ndig verbessern und m\u00f6glicherweise neue und bessere Dienstleistungen anbieten; wir wollen der Vereitelung solcher Aktivit\u00e4ten widerstehen; Daher sind Aktivit\u00e4ten, die zur Erf\u00fcllung dieses Ziels beitragen, unser berechtigtes Interesse. Ein berechtigtes Interesse besteht auch in der Verarbeitung zu Zwecken der Betrugspr\u00e4vention (z. B. Risikobewertung eines Vertragsabschlusses), des Direktmarketings (z. B. Anbieten relevanter Dienstleistungen f\u00fcr bestehende Kunden), der Weitergabe personenbezogener Daten innerhalb einer Unternehmensgruppe zu internen Verwaltungszwecken und der Benachrichtigung Aufkl\u00e4rung von Straftaten und \u00dcbermittlung personenbezogener Daten an die zust\u00e4ndige Beh\u00f6rde zur Gew\u00e4hrleistung der Netzwerk- und Informationssicherheit. Diese Liste ist nur beispielhaft;<\/p>\n<p style=\"font-weight: 400;\">2.2.8 Unter Erf\u00fcllung sonstiger gesetzlicher Pflichten versteht man: Auskunftserteilung an Strafverfolgungsbeh\u00f6rden, Auskunftserteilung an andere \u00f6ffentliche Stellen und dergleichen.<\/p>\n<p style=\"font-weight: 400;\">2.3 Wir verarbeiten Ihre personenbezogenen Daten f\u00fcr den Zeitraum, der zur Wahrung aller Rechte und Pflichten aus der gegenseitigen Rechtsverfolgung erforderlich ist, mindestens f\u00fcr den Zeitraum der Bearbeitung der Bestellung, der Durchf\u00fchrung des Gesch\u00e4ftsvorgangs, der Einrichtung des Dienstes usw. sowie f\u00fcr den Zeitraum w\u00e4hrenddessen Der Administrator ist verpflichtet, personenbezogene Daten gem\u00e4\u00df den gesetzlichen Bestimmungen oder f\u00fcr den Zeitraum zu speichern, f\u00fcr den Sie dem Administrator m\u00f6glicherweise Ihre Einwilligung erteilt haben. Im \u00dcbrigen ergibt sich die Verarbeitungsdauer aus dem Zweck, zu dem personenbezogene Daten verarbeitet werden, oder wird durch gesetzliche Vorschriften bestimmt.<\/p>\n<p style=\"font-weight: 400;\">2.4 Personenbezogene Daten werden vom Administrator automatisch verarbeitet. Der Administrator ist berechtigt, bestimmte Informationen automatisch zu verarbeiten, beispielsweise um statistische Informationen \u00fcber den Verkehr seiner Website zu erstellen.<\/p>\n\n<h3 class=\"wp-block-heading\"><strong>3 <\/strong><b><span lang=\"DE\">Personenbezogene Daten, die auf Grundlage einer Einwilligung verarbeitet werden<\/span><\/b><\/h3>\n\n<p style=\"font-weight: 400;\">3.1 Wenn wir Ihre Einwilligung zur Verarbeitung personenbezogener Daten eingeholt haben, erfolgte dies zu einem der folgenden Zwecke:<\/p>\n<p style=\"font-weight: 400;\">3.1.1 Wareneinkauf<\/p>\n<p style=\"font-weight: 400;\">3.1.2 Abonnieren Sie den Newsletter<\/p>\n\n<h3 class=\"wp-block-heading\"><strong>4 <\/strong><span class=\"y2iqfc\"><span lang=\"DE\">Rechte der betroffenen Person<\/span><\/span><\/h3>\n\n<p style=\"font-weight: 400;\">4.1 Als betroffene Person stehen Ihnen die aufgef\u00fchrten Rechte zu, die sich f\u00fcr Sie aus den gesetzlichen Vorschriften ergeben und die Sie jederzeit aus\u00fcben k\u00f6nnen. Es geht um:<\/p>\n<p style=\"font-weight: 400;\">4.1.1 das Recht auf Zugang zu personenbezogenen Daten, wonach Sie das Recht haben, vom Verantwortlichen Auskunft dar\u00fcber zu erhalten, ob der Verantwortliche Ihre personenbezogenen Daten verarbeitet. Der Administrator ist verpflichtet, Ihnen diese Informationen unverz\u00fcglich zur Verf\u00fcgung zu stellen. Der Inhalt der Informationen richtet sich nach den Bestimmungen des Artikels 15 der DSGVO-Verordnung. Der Administrator hat das Recht, f\u00fcr die Bereitstellung von Informationen eine angemessene Verg\u00fctung zu verlangen, die die f\u00fcr die Bereitstellung der Informationen erforderlichen Kosten nicht \u00fcbersteigt;<\/p>\n<p style=\"font-weight: 400;\">4.1.2 das Recht auf Berichtigung oder L\u00f6schung personenbezogener Daten oder Einschr\u00e4nkung der Verarbeitung, wonach Sie das Recht haben, unrichtige oder unrichtige personenbezogene Daten berichtigen zu lassen. Wenn Ihre personenbezogenen Daten f\u00fcr die Zwecke, f\u00fcr die sie erhoben wurden, nicht mehr erforderlich sind oder unrechtm\u00e4\u00dfig verarbeitet werden, haben Sie das Recht, deren L\u00f6schung zu verlangen. Wenn Sie die L\u00f6schung personenbezogener Daten nicht, sondern nur eine vor\u00fcbergehende Einschr\u00e4nkung der Verarbeitung w\u00fcnschen, k\u00f6nnen Sie eine Einschr\u00e4nkung der Verarbeitung verlangen;<\/p>\n<p style=\"font-weight: 400;\">4.1.3 das Recht, eine Erkl\u00e4rung zu verlangen, wenn Sie den Verdacht haben, dass die Verarbeitung personenbezogener Daten durch den Verantwortlichen gegen das Gesetz verst\u00f6\u00dft;<\/p>\n<p style=\"font-weight: 400;\">4.1.4 das Recht, sich bei Zweifeln an der Einhaltung der Verpflichtungen im Zusammenhang mit der Verarbeitung personenbezogener Daten an das Amt f\u00fcr den Schutz personenbezogener Daten zu wenden;<\/p>\n<p style=\"font-weight: 400;\">4.1.5 das Recht auf Daten\u00fcbertragbarkeit, d. h. das Recht, die Sie betreffenden personenbezogenen Daten, die Sie dem Administrator bereitgestellt haben, in einem strukturierten, g\u00e4ngigen und maschinenlesbaren Format zu erhalten, weitere Einzelheiten finden Sie unter Artikel 20 DSGVO;<\/p>\n<p style=\"font-weight: 400;\">4.1.6 das Recht, der Verarbeitung personenbezogener Daten zu widersprechen, die zur Erf\u00fcllung einer Aufgabe im \u00f6ffentlichen Interesse oder zur Aus\u00fcbung \u00f6ffentlicher Gewalt oder zum Schutz der berechtigten Interessen des Administrators verarbeitet werden. Der Verantwortliche beendet die Verarbeitung unverz\u00fcglich, wenn er nicht nachweist, dass ein berechtigtes Interesse\/einen berechtigten Grund f\u00fcr die Verarbeitung besteht, der Ihre Interessen, Rechte oder Freiheiten \u00fcberwiegt;<\/p>\n<p style=\"font-weight: 400;\">4.1.7 das Recht, die Einwilligung zur Verarbeitung personenbezogener Daten jederzeit zu widerrufen, wenn Sie dem Administrator die Einwilligung zur Verarbeitung personenbezogener Daten erteilt haben.<\/p>\n\n<h3 class=\"wp-block-heading\"><strong>5 Cookies<\/strong><\/h3>\n\n<p style=\"font-weight: 400;\">5.1 Cookies sind kurze Textdateien, die die Website an Ihren Browser sendet. Sie erm\u00f6glichen es der Website, Informationen \u00fcber Ihren Besuch zu erfassen, beispielsweise die gew\u00e4hlte Sprache und \u00c4hnliches, sodass der n\u00e4chste Besuch der Website f\u00fcr Sie einfacher und angenehmer sein kann. Cookies sind wichtig, denn ohne sie w\u00e4re das Surfen im Internet viel komplizierter. Cookies erm\u00f6glichen eine bessere Nutzung unserer Website und eine Anpassung ihrer Inhalte an Ihre Bed\u00fcrfnisse; Fast jede Website auf der Welt verwendet sie. Cookies sind n\u00fctzlich, weil sie die Benutzerfreundlichkeit wiederholt besuchter Websites erh\u00f6hen.<\/p>\n<p style=\"font-weight: 400;\">5.2 Der Administrator kann auf der Website die folgenden Arten von Cookies verwenden:<\/p>\n<p style=\"font-weight: 400;\">5.2.1 Relationale (d. h. tempor\u00e4re) Cookies erm\u00f6glichen es uns, Ihre individuellen Aktivit\u00e4ten beim Surfen auf dieser Website zu verbinden. Diese Dateien werden aktiviert, wenn Sie Ihr Browserfenster \u00f6ffnen, und deaktiviert, wenn Sie Ihr Browserfenster schlie\u00dfen. Sitzungscookies sind tempor\u00e4r und alle diese Dateien werden nach dem Schlie\u00dfen des Browsers gel\u00f6scht.<\/p>\n\n<p style=\"font-weight: 400;\">5.2.2 Dauerhafte Cookies helfen uns, Ihren Computer zu identifizieren, wenn Sie unsere Website erneut besuchen. Ein weiterer Vorteil von dauerhaften Cookies besteht darin, dass sie es uns erm\u00f6glichen, unsere Website an Ihre Bed\u00fcrfnisse anzupassen.<\/p>\n<p style=\"font-weight: 400;\">5.3 Gem\u00e4\u00df den Bestimmungen von \u00a7 89 Absatz 3 des Gesetzes Nr. 127\/2005 Slg., \u00fcber elektronische Kommunikation, in der jeweils g\u00fcltigen Fassung, m\u00f6chten wir Sie dar\u00fcber informieren, dass unsere Website f\u00fcr ihren Betrieb Cookies verwendet, d. h. dass wir Ihre Cookies, auch permanente, verarbeiten.<\/p>\n<p style=\"font-weight: 400;\">5.4 Internetbrowser verf\u00fcgen in der Regel \u00fcber eine Cookie-Dateiverwaltung. In den Einstellungen Ihres Browsers k\u00f6nnen Sie wahrscheinlich einzelne Cookies manuell l\u00f6schen, deren Verwendung blockieren oder ganz verbieten. F\u00fcr weitere Informationen nutzen Sie die Hilfe Ihres Internetbrowsers. Wenn Sie die Verwendung von Cookies nicht zulassen, kann es sein, dass einige Funktionen und Seiten nicht ordnungsgem\u00e4\u00df funktionieren.<\/p>\n<p style=\"font-weight: 400;\">5.5 Wir verwenden Cookies, um Inhalte und Anzeigen zu personalisieren, Funktionen f\u00fcr soziale Medien bereitzustellen und unseren Datenverkehr zu analysieren. Wir geben Informationen dar\u00fcber, wie Sie unsere Website nutzen, an unsere Partner f\u00fcr soziale Medien, Werbung und Analysen weiter. Durch die Nutzung der Website erkl\u00e4ren Sie sich mit der Verlinkung der folgenden Dienste einverstanden:<\/p>\n<p style=\"font-weight: 400;\">5.5.1 Google<\/p>\n<p style=\"font-weight: 400;\">5.5.2 Facebook<\/p>\n<p style=\"font-weight: 400;\">5.6 Um gezielte Werbung innerhalb von Werbe- und sozialen Netzwerken auf anderen Websites anzuzeigen, \u00fcbermitteln wir Daten \u00fcber Ihr Verhalten auf der Website an diese Werbe- und sozialen Netzwerke; Wir geben Ihre personenbezogenen Daten jedoch nicht an sie weiter.<\/p>\n\n<h3 class=\"wp-block-heading\"><strong>6 <\/strong><b><span lang=\"DE\">\u00dcbermittlung in Drittl\u00e4nder<\/span><\/b><\/h3>\n\n<div>\n<p style=\"font-weight: 400;\">6.1 Eine \u00dcbermittlung Ihrer personenbezogenen Daten in Drittl\u00e4nder erfolgt nicht.<\/p>\n<\/div>\n\n<h3 class=\"wp-block-heading\"><strong>7 <\/strong><b><span lang=\"DE\">Informationen und Fragen<\/span><\/b><\/h3>\n\n<p style=\"font-weight: 400;\">7.1 Weitere Informationen \u00fcber Rechte und Pflichten beim Schutz personenbezogener Daten kann die betroffene Person auf der Website https:\/\/pospooling.cz oder per E-Mail an prochazkova@pospooling.cz erhalten<\/p>\n\t\t\t\t\t\t<\/div>\n\t\t\t\t<\/div>\n\t\t\t\t\t<\/div>\n\t\t<\/div>\n\t\t\t\t\t\t\t<\/div>\n\t\t<\/section>\n\t\t\t\t\t\t\t<\/div>\n\t\t","protected":false},"excerpt":{"rendered":"<p>1 Administrator personenbezogener Daten 1.1 Der Administrator der personenbezogenen Daten POSpooling s.r.o., I\u010c 19419236, mit Sitz in Tusarova 1267\/9, Hole\u0161ovice, 170 00 Prag 7, Tschechische Republik, eingetragen im Handelsregister des Bezirksgerichts in Br\u00fcnn, C 386281, (im Folgenden genannt). erkl\u00e4rt als \u201eAdministrator\u201c), dass alle vom Administrator verarbeiteten personenbezogenen Daten streng vertraulich behandelt werden. Der Administrator behandelt [&hellip;]<\/p>\n","protected":false},"author":1,"featured_media":0,"parent":0,"menu_order":0,"comment_status":"closed","ping_status":"open","template":"","meta":{"footnotes":""},"class_list":["post-524","page","type-page","status-publish","hentry"],"_links":{"self":[{"href":"https:\/\/pospooling.cz\/de\/wp-json\/wp\/v2\/pages\/524","targetHints":{"allow":["GET"]}}],"collection":[{"href":"https:\/\/pospooling.cz\/de\/wp-json\/wp\/v2\/pages"}],"about":[{"href":"https:\/\/pospooling.cz\/de\/wp-json\/wp\/v2\/types\/page"}],"author":[{"embeddable":true,"href":"https:\/\/pospooling.cz\/de\/wp-json\/wp\/v2\/users\/1"}],"replies":[{"embeddable":true,"href":"https:\/\/pospooling.cz\/de\/wp-json\/wp\/v2\/comments?post=524"}],"version-history":[{"count":5,"href":"https:\/\/pospooling.cz\/de\/wp-json\/wp\/v2\/pages\/524\/revisions"}],"predecessor-version":[{"id":529,"href":"https:\/\/pospooling.cz\/de\/wp-json\/wp\/v2\/pages\/524\/revisions\/529"}],"wp:attachment":[{"href":"https:\/\/pospooling.cz\/de\/wp-json\/wp\/v2\/media?parent=524"}],"curies":[{"name":"wp","href":"https:\/\/api.w.org\/{rel}","templated":true}]}}